{"id":50,"date":"2025-05-19T23:39:47","date_gmt":"2025-05-19T23:39:47","guid":{"rendered":"https:\/\/local.enlightagency.pt\/?page_id=50"},"modified":"2026-02-10T09:59:23","modified_gmt":"2026-02-10T09:59:23","slug":"servicos","status":"publish","type":"page","link":"https:\/\/local.enlightagency.pt\/index.php\/servicos\/","title":{"rendered":"Servi\u00e7os"},"content":{"rendered":"\t\t<div data-elementor-type=\"wp-page\" data-elementor-id=\"50\" class=\"elementor elementor-50\" data-elementor-post-type=\"page\">\n\t\t\t\t<div class=\"elementor-element elementor-element-39be247 e-con-full e-flex e-con e-parent\" data-id=\"39be247\" data-element_type=\"container\" data-e-type=\"container\" data-settings=\"{&quot;background_background&quot;:&quot;classic&quot;}\">\n\t\t<div class=\"elementor-element elementor-element-3825e87 e-flex e-con-boxed e-con e-child\" data-id=\"3825e87\" data-element_type=\"container\" data-e-type=\"container\">\n\t\t\t\t\t<div class=\"e-con-inner\">\n\t\t\t\t<div class=\"elementor-element elementor-element-1241b3d elementor-widget__width-inherit elementor-widget elementor-widget-heading\" data-id=\"1241b3d\" data-element_type=\"widget\" data-e-type=\"widget\" data-widget_type=\"heading.default\">\n\t\t\t\t<div class=\"elementor-widget-container\">\n\t\t\t\t\t<span class=\"elementor-heading-title elementor-size-default\">Onde a criatividade encontra a t\u00e9cnica<\/span>\t\t\t\t<\/div>\n\t\t\t\t<\/div>\n\t\t\t\t<div class=\"elementor-element elementor-element-f79e27b elementor-widget__width-inherit elementor-widget elementor-widget-heading\" data-id=\"f79e27b\" data-element_type=\"widget\" data-e-type=\"widget\" data-widget_type=\"heading.default\">\n\t\t\t\t<div class=\"elementor-widget-container\">\n\t\t\t\t\t<h2 class=\"elementor-heading-title elementor-size-default\">As nossas \u00e1reas<\/h2>\t\t\t\t<\/div>\n\t\t\t\t<\/div>\n\t\t\t\t\t<\/div>\n\t\t\t\t<\/div>\n\t\t\t\t<\/div>\n\t\t<div class=\"elementor-element elementor-element-016d8d3 e-con-full e-flex e-con e-parent\" data-id=\"016d8d3\" data-element_type=\"container\" data-e-type=\"container\">\n\t\t<div class=\"elementor-element elementor-element-287199a e-con-full e-flex e-con e-child\" data-id=\"287199a\" data-element_type=\"container\" data-e-type=\"container\" data-settings=\"{&quot;background_background&quot;:&quot;classic&quot;}\">\n\t\t\t\t<div class=\"elementor-element elementor-element-b7e5308 elementor-widget elementor-widget-heading\" data-id=\"b7e5308\" data-element_type=\"widget\" data-e-type=\"widget\" data-widget_type=\"heading.default\">\n\t\t\t\t<div class=\"elementor-widget-container\">\n\t\t\t\t\t<h2 class=\"elementor-heading-title elementor-size-default\">Montras<\/h2>\t\t\t\t<\/div>\n\t\t\t\t<\/div>\n\t\t\t\t<\/div>\n\t\t<div class=\"elementor-element elementor-element-987adb5 e-con-full e-flex e-con e-child\" data-id=\"987adb5\" data-element_type=\"container\" data-e-type=\"container\">\n\t\t\t\t<div class=\"elementor-element elementor-element-2c6e190 elementor-widget elementor-widget-heading\" data-id=\"2c6e190\" data-element_type=\"widget\" data-e-type=\"widget\" data-widget_type=\"heading.default\">\n\t\t\t\t<div class=\"elementor-widget-container\">\n\t\t\t\t\t<h2 class=\"elementor-heading-title elementor-size-default\">Pain\u00e9is Digitais<\/h2>\t\t\t\t<\/div>\n\t\t\t\t<\/div>\n\t\t\t\t<\/div>\n\t\t<div class=\"elementor-element elementor-element-3d8b8bc e-con-full e-flex e-con e-child\" data-id=\"3d8b8bc\" data-element_type=\"container\" data-e-type=\"container\" data-settings=\"{&quot;background_background&quot;:&quot;classic&quot;}\">\n\t\t\t\t<div class=\"elementor-element elementor-element-e154481 elementor-widget elementor-widget-heading\" data-id=\"e154481\" data-element_type=\"widget\" data-e-type=\"widget\" data-widget_type=\"heading.default\">\n\t\t\t\t<div class=\"elementor-widget-container\">\n\t\t\t\t\t<h2 class=\"elementor-heading-title elementor-size-default\">DECORA\u00c7\u00c3O DE ESPA\u00c7OS<\/h2>\t\t\t\t<\/div>\n\t\t\t\t<\/div>\n\t\t\t\t<\/div>\n\t\t<div class=\"elementor-element elementor-element-87cd960 e-con-full e-flex e-con e-child\" data-id=\"87cd960\" data-element_type=\"container\" data-e-type=\"container\" data-settings=\"{&quot;background_background&quot;:&quot;classic&quot;}\">\n\t\t\t\t<div class=\"elementor-element elementor-element-eea396d elementor-widget elementor-widget-heading\" data-id=\"eea396d\" data-element_type=\"widget\" data-e-type=\"widget\" data-widget_type=\"heading.default\">\n\t\t\t\t<div class=\"elementor-widget-container\">\n\t\t\t\t\t<h2 class=\"elementor-heading-title elementor-size-default\">Web Design e Loja Online<\/h2>\t\t\t\t<\/div>\n\t\t\t\t<\/div>\n\t\t\t\t<div class=\"elementor-element elementor-element-268d500 elementor-widget elementor-widget-image\" data-id=\"268d500\" data-element_type=\"widget\" data-e-type=\"widget\" data-widget_type=\"image.default\">\n\t\t\t\t<div class=\"elementor-widget-container\">\n\t\t\t\t\t\t\t\t\t\t\t\t\t\t\t<img fetchpriority=\"high\" decoding=\"async\" width=\"800\" height=\"277\" src=\"https:\/\/local.enlightagency.pt\/wp-content\/uploads\/2026\/01\/Ativo-3-1024x355.png\" class=\"attachment-large size-large wp-image-1308\" alt=\"\" srcset=\"https:\/\/local.enlightagency.pt\/wp-content\/uploads\/2026\/01\/Ativo-3-1024x355.png 1024w, https:\/\/local.enlightagency.pt\/wp-content\/uploads\/2026\/01\/Ativo-3-300x104.png 300w, https:\/\/local.enlightagency.pt\/wp-content\/uploads\/2026\/01\/Ativo-3-768x266.png 768w, https:\/\/local.enlightagency.pt\/wp-content\/uploads\/2026\/01\/Ativo-3-1536x532.png 1536w, https:\/\/local.enlightagency.pt\/wp-content\/uploads\/2026\/01\/Ativo-3-2048x709.png 2048w, https:\/\/local.enlightagency.pt\/wp-content\/uploads\/2026\/01\/Ativo-3-18x6.png 18w\" sizes=\"(max-width: 800px) 100vw, 800px\" \/>\t\t\t\t\t\t\t\t\t\t\t\t\t\t\t<\/div>\n\t\t\t\t<\/div>\n\t\t\t\t<\/div>\n\t\t<div class=\"elementor-element elementor-element-7eaeeb5 e-con-full e-flex e-con e-child\" data-id=\"7eaeeb5\" data-element_type=\"container\" data-e-type=\"container\" data-settings=\"{&quot;background_background&quot;:&quot;classic&quot;}\">\n\t\t\t\t<div class=\"elementor-element elementor-element-6afee98 elementor-widget elementor-widget-heading\" data-id=\"6afee98\" data-element_type=\"widget\" data-e-type=\"widget\" data-widget_type=\"heading.default\">\n\t\t\t\t<div class=\"elementor-widget-container\">\n\t\t\t\t\t<h2 class=\"elementor-heading-title elementor-size-default\">Brindes Personalizados<\/h2>\t\t\t\t<\/div>\n\t\t\t\t<\/div>\n\t\t\t\t<\/div>\n\t\t<div class=\"elementor-element elementor-element-b40ea88 e-con-full e-flex e-con e-child\" data-id=\"b40ea88\" data-element_type=\"container\" data-e-type=\"container\" data-settings=\"{&quot;background_background&quot;:&quot;classic&quot;}\">\n\t\t\t\t<div class=\"elementor-element elementor-element-954add1 elementor-widget elementor-widget-heading\" data-id=\"954add1\" data-element_type=\"widget\" data-e-type=\"widget\" data-widget_type=\"heading.default\">\n\t\t\t\t<div class=\"elementor-widget-container\">\n\t\t\t\t\t<h2 class=\"elementor-heading-title elementor-size-default\">Gest\u00e3o Redes Sociais<\/h2>\t\t\t\t<\/div>\n\t\t\t\t<\/div>\n\t\t\t\t<div class=\"elementor-element elementor-element-0723272 elementor-widget elementor-widget-image\" data-id=\"0723272\" data-element_type=\"widget\" data-e-type=\"widget\" data-widget_type=\"image.default\">\n\t\t\t\t<div class=\"elementor-widget-container\">\n\t\t\t\t\t\t\t\t\t\t\t\t\t\t\t<img fetchpriority=\"high\" decoding=\"async\" width=\"800\" height=\"277\" src=\"https:\/\/local.enlightagency.pt\/wp-content\/uploads\/2026\/01\/Ativo-3-1024x355.png\" class=\"attachment-large size-large wp-image-1308\" alt=\"\" srcset=\"https:\/\/local.enlightagency.pt\/wp-content\/uploads\/2026\/01\/Ativo-3-1024x355.png 1024w, https:\/\/local.enlightagency.pt\/wp-content\/uploads\/2026\/01\/Ativo-3-300x104.png 300w, https:\/\/local.enlightagency.pt\/wp-content\/uploads\/2026\/01\/Ativo-3-768x266.png 768w, https:\/\/local.enlightagency.pt\/wp-content\/uploads\/2026\/01\/Ativo-3-1536x532.png 1536w, https:\/\/local.enlightagency.pt\/wp-content\/uploads\/2026\/01\/Ativo-3-2048x709.png 2048w, https:\/\/local.enlightagency.pt\/wp-content\/uploads\/2026\/01\/Ativo-3-18x6.png 18w\" sizes=\"(max-width: 800px) 100vw, 800px\" \/>\t\t\t\t\t\t\t\t\t\t\t\t\t\t\t<\/div>\n\t\t\t\t<\/div>\n\t\t\t\t<\/div>\n\t\t<div class=\"elementor-element elementor-element-4c49310 e-con-full e-flex e-con e-child\" data-id=\"4c49310\" data-element_type=\"container\" data-e-type=\"container\" data-settings=\"{&quot;background_background&quot;:&quot;classic&quot;}\">\n\t\t\t\t<div class=\"elementor-element elementor-element-99a2770 elementor-widget elementor-widget-heading\" data-id=\"99a2770\" data-element_type=\"widget\" data-e-type=\"widget\" data-widget_type=\"heading.default\">\n\t\t\t\t<div class=\"elementor-widget-container\">\n\t\t\t\t\t<h2 class=\"elementor-heading-title elementor-size-default\">T\u00eaxtil Promocional<\/h2>\t\t\t\t<\/div>\n\t\t\t\t<\/div>\n\t\t\t\t<\/div>\n\t\t<div class=\"elementor-element elementor-element-f76d116 e-con-full e-flex e-con e-child\" data-id=\"f76d116\" data-element_type=\"container\" data-e-type=\"container\">\n\t\t\t\t<div class=\"elementor-element elementor-element-183372f elementor-widget elementor-widget-heading\" data-id=\"183372f\" data-element_type=\"widget\" data-e-type=\"widget\" data-widget_type=\"heading.default\">\n\t\t\t\t<div class=\"elementor-widget-container\">\n\t\t\t\t\t<h2 class=\"elementor-heading-title elementor-size-default\">Sinal\u00e9tica<\/h2>\t\t\t\t<\/div>\n\t\t\t\t<\/div>\n\t\t\t\t<\/div>\n\t\t<div class=\"elementor-element elementor-element-2d0d9a7 e-con-full e-flex e-con e-child\" data-id=\"2d0d9a7\" data-element_type=\"container\" data-e-type=\"container\" data-settings=\"{&quot;background_background&quot;:&quot;classic&quot;}\">\n\t\t\t\t<div class=\"elementor-element elementor-element-bb81a00 elementor-widget elementor-widget-heading\" data-id=\"bb81a00\" data-element_type=\"widget\" data-e-type=\"widget\" data-widget_type=\"heading.default\">\n\t\t\t\t<div class=\"elementor-widget-container\">\n\t\t\t\t\t<h2 class=\"elementor-heading-title elementor-size-default\">Mastros e Bandeiras<\/h2>\t\t\t\t<\/div>\n\t\t\t\t<\/div>\n\t\t\t\t<\/div>\n\t\t<div class=\"elementor-element elementor-element-c11068d e-con-full e-flex e-con e-child\" data-id=\"c11068d\" data-element_type=\"container\" data-e-type=\"container\" data-settings=\"{&quot;background_background&quot;:&quot;classic&quot;}\">\n\t\t\t\t<div class=\"elementor-element elementor-element-87f1428 elementor-widget elementor-widget-heading\" data-id=\"87f1428\" data-element_type=\"widget\" data-e-type=\"widget\" data-widget_type=\"heading.default\">\n\t\t\t\t<div class=\"elementor-widget-container\">\n\t\t\t\t\t<h2 class=\"elementor-heading-title elementor-size-default\">Campanhas Promocionais<\/h2>\t\t\t\t<\/div>\n\t\t\t\t<\/div>\n\t\t\t\t<\/div>\n\t\t<div class=\"elementor-element elementor-element-5903c3d e-con-full e-flex e-con e-child\" data-id=\"5903c3d\" data-element_type=\"container\" data-e-type=\"container\">\n\t\t\t\t<div class=\"elementor-element elementor-element-dae63e2 elementor-widget elementor-widget-heading\" data-id=\"dae63e2\" data-element_type=\"widget\" data-e-type=\"widget\" data-widget_type=\"heading.default\">\n\t\t\t\t<div class=\"elementor-widget-container\">\n\t\t\t\t\t<h2 class=\"elementor-heading-title elementor-size-default\">Impress\u00e3o Grande Formato<\/h2>\t\t\t\t<\/div>\n\t\t\t\t<\/div>\n\t\t\t\t<\/div>\n\t\t<div class=\"elementor-element elementor-element-ceaefd1 e-con-full e-flex e-con e-child\" data-id=\"ceaefd1\" data-element_type=\"container\" data-e-type=\"container\" data-settings=\"{&quot;background_background&quot;:&quot;classic&quot;}\">\n\t\t\t\t<div class=\"elementor-element elementor-element-c24da25 elementor-widget elementor-widget-heading\" data-id=\"c24da25\" data-element_type=\"widget\" data-e-type=\"widget\" data-widget_type=\"heading.default\">\n\t\t\t\t<div class=\"elementor-widget-container\">\n\t\t\t\t\t<h2 class=\"elementor-heading-title elementor-size-default\">Luminosos<\/h2>\t\t\t\t<\/div>\n\t\t\t\t<\/div>\n\t\t\t\t<\/div>\n\t\t<div class=\"elementor-element elementor-element-5717ca0 e-con-full e-flex e-con e-child\" data-id=\"5717ca0\" data-element_type=\"container\" data-e-type=\"container\" data-settings=\"{&quot;background_background&quot;:&quot;classic&quot;}\">\n\t\t\t\t<div class=\"elementor-element elementor-element-504c924 elementor-widget elementor-widget-heading\" data-id=\"504c924\" data-element_type=\"widget\" data-e-type=\"widget\" data-widget_type=\"heading.default\">\n\t\t\t\t<div class=\"elementor-widget-container\">\n\t\t\t\t\t<h2 class=\"elementor-heading-title elementor-size-default\">Decora\u00e7\u00e3o de Viaturas<\/h2>\t\t\t\t<\/div>\n\t\t\t\t<\/div>\n\t\t\t\t<\/div>\n\t\t<div class=\"elementor-element elementor-element-aa83d3d e-con-full e-flex e-con e-child\" data-id=\"aa83d3d\" data-element_type=\"container\" data-e-type=\"container\" data-settings=\"{&quot;background_background&quot;:&quot;classic&quot;}\">\n\t\t\t\t<div class=\"elementor-element elementor-element-ab3e274 elementor-widget elementor-widget-heading\" data-id=\"ab3e274\" data-element_type=\"widget\" data-e-type=\"widget\" data-widget_type=\"heading.default\">\n\t\t\t\t<div class=\"elementor-widget-container\">\n\t\t\t\t\t<h2 class=\"elementor-heading-title elementor-size-default\">Branding<\/h2>\t\t\t\t<\/div>\n\t\t\t\t<\/div>\n\t\t\t\t<div class=\"elementor-element elementor-element-ebde7ec elementor-widget elementor-widget-image\" data-id=\"ebde7ec\" data-element_type=\"widget\" data-e-type=\"widget\" data-widget_type=\"image.default\">\n\t\t\t\t<div class=\"elementor-widget-container\">\n\t\t\t\t\t\t\t\t\t\t\t\t\t\t\t<img fetchpriority=\"high\" decoding=\"async\" width=\"800\" height=\"277\" src=\"https:\/\/local.enlightagency.pt\/wp-content\/uploads\/2026\/01\/Ativo-3-1024x355.png\" class=\"attachment-large size-large wp-image-1308\" alt=\"\" srcset=\"https:\/\/local.enlightagency.pt\/wp-content\/uploads\/2026\/01\/Ativo-3-1024x355.png 1024w, https:\/\/local.enlightagency.pt\/wp-content\/uploads\/2026\/01\/Ativo-3-300x104.png 300w, https:\/\/local.enlightagency.pt\/wp-content\/uploads\/2026\/01\/Ativo-3-768x266.png 768w, https:\/\/local.enlightagency.pt\/wp-content\/uploads\/2026\/01\/Ativo-3-1536x532.png 1536w, https:\/\/local.enlightagency.pt\/wp-content\/uploads\/2026\/01\/Ativo-3-2048x709.png 2048w, https:\/\/local.enlightagency.pt\/wp-content\/uploads\/2026\/01\/Ativo-3-18x6.png 18w\" sizes=\"(max-width: 800px) 100vw, 800px\" \/>\t\t\t\t\t\t\t\t\t\t\t\t\t\t\t<\/div>\n\t\t\t\t<\/div>\n\t\t\t\t<\/div>\n\t\t\t\t<\/div>\n\t\t<div class=\"elementor-element elementor-element-ff6ff6c e-con-full e-flex e-con e-parent\" data-id=\"ff6ff6c\" data-element_type=\"container\" data-e-type=\"container\" data-settings=\"{&quot;background_background&quot;:&quot;classic&quot;}\">\n\t\t<div class=\"elementor-element elementor-element-eb39381 e-con-full e-flex e-con e-child\" data-id=\"eb39381\" data-element_type=\"container\" data-e-type=\"container\">\n\t\t\t\t<div class=\"elementor-element elementor-element-52445db elementor-widget elementor-widget-heading\" data-id=\"52445db\" data-element_type=\"widget\" data-e-type=\"widget\" data-widget_type=\"heading.default\">\n\t\t\t\t<div class=\"elementor-widget-container\">\n\t\t\t\t\t<h2 class=\"elementor-heading-title elementor-size-default\">Damos forma \u00e0s suas ideias. <br>Juntos criamos impacto.<\/h2>\t\t\t\t<\/div>\n\t\t\t\t<\/div>\n\t\t\t\t<div class=\"elementor-element elementor-element-83f46eb elementor-align-center elementor-mobile-align-center elementor-invisible elementor-widget elementor-widget-button\" data-id=\"83f46eb\" data-element_type=\"widget\" data-e-type=\"widget\" data-settings=\"{&quot;_animation&quot;:&quot;fadeInUp&quot;}\" data-widget_type=\"button.default\">\n\t\t\t\t<div class=\"elementor-widget-container\">\n\t\t\t\t\t\t\t\t\t<div class=\"elementor-button-wrapper\">\n\t\t\t\t\t<a class=\"elementor-button elementor-button-link elementor-size-sm elementor-animation-grow\" href=\"https:\/\/local.enlightagency.pt\/index.php\/contactos\/\">\n\t\t\t\t\t\t<span class=\"elementor-button-content-wrapper\">\n\t\t\t\t\t\t\t\t\t<span class=\"elementor-button-text\">Contacte-nos<\/span>\n\t\t\t\t\t<\/span>\n\t\t\t\t\t<\/a>\n\t\t\t\t<\/div>\n\t\t\t\t\t\t\t\t<\/div>\n\t\t\t\t<\/div>\n\t\t\t\t<\/div>\n\t\t\t\t<\/div>\n\t\t\t\t<\/div>\n\t\t","protected":false},"excerpt":{"rendered":"<p>Onde a criatividade encontra a t\u00e9cnica As nossas \u00e1reas Montras Pain\u00e9is Digitais DECORA\u00c7\u00c3O DE ESPA\u00c7OS Web Design e Loja Online Brindes Personalizados Gest\u00e3o Redes Sociais T\u00eaxtil Promocional Sinal\u00e9tica Mastros e Bandeiras Campanhas Promocionais Impress\u00e3o Grande Formato Luminosos Decora\u00e7\u00e3o de Viaturas Branding Damos forma \u00e0s suas ideias. Juntos criamos impacto. Contacte-nos<\/p>\n","protected":false},"author":1,"featured_media":0,"parent":0,"menu_order":0,"comment_status":"closed","ping_status":"closed","template":"","meta":{"_acf_changed":false,"footnotes":""},"class_list":["post-50","page","type-page","status-publish","hentry"],"acf":[],"yoast_head":"<!-- This site is optimized with the Yoast SEO plugin v26.9 - https:\/\/yoast.com\/product\/yoast-seo-wordpress\/ -->\n<title>Servi\u00e7os - Midoel<\/title>\n<meta name=\"robots\" content=\"index, follow, max-snippet:-1, max-image-preview:large, max-video-preview:-1\" \/>\n<link rel=\"canonical\" href=\"https:\/\/local.enlightagency.pt\/index.php\/servicos\/\" \/>\n<meta property=\"og:locale\" content=\"pt_PT\" \/>\n<meta property=\"og:type\" content=\"article\" \/>\n<meta property=\"og:title\" content=\"Servi\u00e7os - Midoel\" \/>\n<meta property=\"og:description\" content=\"Onde a criatividade encontra a t\u00e9cnica As nossas \u00e1reas Montras Pain\u00e9is Digitais DECORA\u00c7\u00c3O DE ESPA\u00c7OS Web Design e Loja Online Brindes Personalizados Gest\u00e3o Redes Sociais T\u00eaxtil Promocional Sinal\u00e9tica Mastros e Bandeiras Campanhas Promocionais Impress\u00e3o Grande Formato Luminosos Decora\u00e7\u00e3o de Viaturas Branding Damos forma \u00e0s suas ideias. Juntos criamos impacto. Contacte-nos\" \/>\n<meta property=\"og:url\" content=\"https:\/\/local.enlightagency.pt\/index.php\/servicos\/\" \/>\n<meta property=\"og:site_name\" content=\"Midoel\" \/>\n<meta property=\"article:modified_time\" content=\"2026-02-10T09:59:23+00:00\" \/>\n<meta property=\"og:image\" content=\"https:\/\/local.enlightagency.pt\/wp-content\/uploads\/2026\/01\/Ativo-3-scaled.png\" \/>\n\t<meta property=\"og:image:width\" content=\"2560\" \/>\n\t<meta property=\"og:image:height\" content=\"887\" \/>\n\t<meta property=\"og:image:type\" content=\"image\/png\" \/>\n<meta name=\"twitter:card\" content=\"summary_large_image\" \/>\n<meta name=\"twitter:label1\" content=\"Tempo estimado de leitura\" \/>\n\t<meta name=\"twitter:data1\" content=\"1 minuto\" \/>\n<script type=\"application\/ld+json\" class=\"yoast-schema-graph\">{\"@context\":\"https:\/\/schema.org\",\"@graph\":[{\"@type\":\"WebPage\",\"@id\":\"https:\/\/local.enlightagency.pt\/index.php\/servicos\/\",\"url\":\"https:\/\/local.enlightagency.pt\/index.php\/servicos\/\",\"name\":\"Servi\u00e7os - Midoel\",\"isPartOf\":{\"@id\":\"https:\/\/local.enlightagency.pt\/#website\"},\"primaryImageOfPage\":{\"@id\":\"https:\/\/local.enlightagency.pt\/index.php\/servicos\/#primaryimage\"},\"image\":{\"@id\":\"https:\/\/local.enlightagency.pt\/index.php\/servicos\/#primaryimage\"},\"thumbnailUrl\":\"https:\/\/local.enlightagency.pt\/wp-content\/uploads\/2026\/01\/Ativo-3-1024x355.png\",\"datePublished\":\"2025-05-19T23:39:47+00:00\",\"dateModified\":\"2026-02-10T09:59:23+00:00\",\"breadcrumb\":{\"@id\":\"https:\/\/local.enlightagency.pt\/index.php\/servicos\/#breadcrumb\"},\"inLanguage\":\"pt-PT\",\"potentialAction\":[{\"@type\":\"ReadAction\",\"target\":[\"https:\/\/local.enlightagency.pt\/index.php\/servicos\/\"]}]},{\"@type\":\"ImageObject\",\"inLanguage\":\"pt-PT\",\"@id\":\"https:\/\/local.enlightagency.pt\/index.php\/servicos\/#primaryimage\",\"url\":\"https:\/\/local.enlightagency.pt\/wp-content\/uploads\/2026\/01\/Ativo-3-scaled.png\",\"contentUrl\":\"https:\/\/local.enlightagency.pt\/wp-content\/uploads\/2026\/01\/Ativo-3-scaled.png\",\"width\":2560,\"height\":887},{\"@type\":\"BreadcrumbList\",\"@id\":\"https:\/\/local.enlightagency.pt\/index.php\/servicos\/#breadcrumb\",\"itemListElement\":[{\"@type\":\"ListItem\",\"position\":1,\"name\":\"In\u00edcio\",\"item\":\"https:\/\/local.enlightagency.pt\/\"},{\"@type\":\"ListItem\",\"position\":2,\"name\":\"Servi\u00e7os\"}]},{\"@type\":\"WebSite\",\"@id\":\"https:\/\/local.enlightagency.pt\/#website\",\"url\":\"https:\/\/local.enlightagency.pt\/\",\"name\":\"Midoel\",\"description\":\"\",\"publisher\":{\"@id\":\"https:\/\/local.enlightagency.pt\/#organization\"},\"potentialAction\":[{\"@type\":\"SearchAction\",\"target\":{\"@type\":\"EntryPoint\",\"urlTemplate\":\"https:\/\/local.enlightagency.pt\/?s={search_term_string}\"},\"query-input\":{\"@type\":\"PropertyValueSpecification\",\"valueRequired\":true,\"valueName\":\"search_term_string\"}}],\"inLanguage\":\"pt-PT\"},{\"@type\":\"Organization\",\"@id\":\"https:\/\/local.enlightagency.pt\/#organization\",\"name\":\"Midoel\",\"url\":\"https:\/\/local.enlightagency.pt\/\",\"logo\":{\"@type\":\"ImageObject\",\"inLanguage\":\"pt-PT\",\"@id\":\"https:\/\/local.enlightagency.pt\/#\/schema\/logo\/image\/\",\"url\":\"https:\/\/local.enlightagency.pt\/wp-content\/uploads\/2025\/05\/logo-white.svg\",\"contentUrl\":\"https:\/\/local.enlightagency.pt\/wp-content\/uploads\/2025\/05\/logo-white.svg\",\"width\":951,\"height\":218,\"caption\":\"Midoel\"},\"image\":{\"@id\":\"https:\/\/local.enlightagency.pt\/#\/schema\/logo\/image\/\"}}]}<\/script>\n<!-- \/ Yoast SEO plugin. -->","yoast_head_json":{"title":"Servi\u00e7os - Midoel","robots":{"index":"index","follow":"follow","max-snippet":"max-snippet:-1","max-image-preview":"max-image-preview:large","max-video-preview":"max-video-preview:-1"},"canonical":"https:\/\/local.enlightagency.pt\/index.php\/servicos\/","og_locale":"pt_PT","og_type":"article","og_title":"Servi\u00e7os - Midoel","og_description":"Onde a criatividade encontra a t\u00e9cnica As nossas \u00e1reas Montras Pain\u00e9is Digitais DECORA\u00c7\u00c3O DE ESPA\u00c7OS Web Design e Loja Online Brindes Personalizados Gest\u00e3o Redes Sociais T\u00eaxtil Promocional Sinal\u00e9tica Mastros e Bandeiras Campanhas Promocionais Impress\u00e3o Grande Formato Luminosos Decora\u00e7\u00e3o de Viaturas Branding Damos forma \u00e0s suas ideias. Juntos criamos impacto. Contacte-nos","og_url":"https:\/\/local.enlightagency.pt\/index.php\/servicos\/","og_site_name":"Midoel","article_modified_time":"2026-02-10T09:59:23+00:00","og_image":[{"width":2560,"height":887,"url":"https:\/\/local.enlightagency.pt\/wp-content\/uploads\/2026\/01\/Ativo-3-scaled.png","type":"image\/png"}],"twitter_card":"summary_large_image","twitter_misc":{"Tempo estimado de leitura":"1 minuto"},"schema":{"@context":"https:\/\/schema.org","@graph":[{"@type":"WebPage","@id":"https:\/\/local.enlightagency.pt\/index.php\/servicos\/","url":"https:\/\/local.enlightagency.pt\/index.php\/servicos\/","name":"Servi\u00e7os - Midoel","isPartOf":{"@id":"https:\/\/local.enlightagency.pt\/#website"},"primaryImageOfPage":{"@id":"https:\/\/local.enlightagency.pt\/index.php\/servicos\/#primaryimage"},"image":{"@id":"https:\/\/local.enlightagency.pt\/index.php\/servicos\/#primaryimage"},"thumbnailUrl":"https:\/\/local.enlightagency.pt\/wp-content\/uploads\/2026\/01\/Ativo-3-1024x355.png","datePublished":"2025-05-19T23:39:47+00:00","dateModified":"2026-02-10T09:59:23+00:00","breadcrumb":{"@id":"https:\/\/local.enlightagency.pt\/index.php\/servicos\/#breadcrumb"},"inLanguage":"pt-PT","potentialAction":[{"@type":"ReadAction","target":["https:\/\/local.enlightagency.pt\/index.php\/servicos\/"]}]},{"@type":"ImageObject","inLanguage":"pt-PT","@id":"https:\/\/local.enlightagency.pt\/index.php\/servicos\/#primaryimage","url":"https:\/\/local.enlightagency.pt\/wp-content\/uploads\/2026\/01\/Ativo-3-scaled.png","contentUrl":"https:\/\/local.enlightagency.pt\/wp-content\/uploads\/2026\/01\/Ativo-3-scaled.png","width":2560,"height":887},{"@type":"BreadcrumbList","@id":"https:\/\/local.enlightagency.pt\/index.php\/servicos\/#breadcrumb","itemListElement":[{"@type":"ListItem","position":1,"name":"In\u00edcio","item":"https:\/\/local.enlightagency.pt\/"},{"@type":"ListItem","position":2,"name":"Servi\u00e7os"}]},{"@type":"WebSite","@id":"https:\/\/local.enlightagency.pt\/#website","url":"https:\/\/local.enlightagency.pt\/","name":"Midoel","description":"","publisher":{"@id":"https:\/\/local.enlightagency.pt\/#organization"},"potentialAction":[{"@type":"SearchAction","target":{"@type":"EntryPoint","urlTemplate":"https:\/\/local.enlightagency.pt\/?s={search_term_string}"},"query-input":{"@type":"PropertyValueSpecification","valueRequired":true,"valueName":"search_term_string"}}],"inLanguage":"pt-PT"},{"@type":"Organization","@id":"https:\/\/local.enlightagency.pt\/#organization","name":"Midoel","url":"https:\/\/local.enlightagency.pt\/","logo":{"@type":"ImageObject","inLanguage":"pt-PT","@id":"https:\/\/local.enlightagency.pt\/#\/schema\/logo\/image\/","url":"https:\/\/local.enlightagency.pt\/wp-content\/uploads\/2025\/05\/logo-white.svg","contentUrl":"https:\/\/local.enlightagency.pt\/wp-content\/uploads\/2025\/05\/logo-white.svg","width":951,"height":218,"caption":"Midoel"},"image":{"@id":"https:\/\/local.enlightagency.pt\/#\/schema\/logo\/image\/"}}]}},"_links":{"self":[{"href":"https:\/\/local.enlightagency.pt\/index.php\/wp-json\/wp\/v2\/pages\/50","targetHints":{"allow":["GET"]}}],"collection":[{"href":"https:\/\/local.enlightagency.pt\/index.php\/wp-json\/wp\/v2\/pages"}],"about":[{"href":"https:\/\/local.enlightagency.pt\/index.php\/wp-json\/wp\/v2\/types\/page"}],"author":[{"embeddable":true,"href":"https:\/\/local.enlightagency.pt\/index.php\/wp-json\/wp\/v2\/users\/1"}],"replies":[{"embeddable":true,"href":"https:\/\/local.enlightagency.pt\/index.php\/wp-json\/wp\/v2\/comments?post=50"}],"version-history":[{"count":50,"href":"https:\/\/local.enlightagency.pt\/index.php\/wp-json\/wp\/v2\/pages\/50\/revisions"}],"predecessor-version":[{"id":1704,"href":"https:\/\/local.enlightagency.pt\/index.php\/wp-json\/wp\/v2\/pages\/50\/revisions\/1704"}],"wp:attachment":[{"href":"https:\/\/local.enlightagency.pt\/index.php\/wp-json\/wp\/v2\/media?parent=50"}],"curies":[{"name":"wp","href":"https:\/\/api.w.org\/{rel}","templated":true}]}}